{"id":9,"date":"2017-02-11T00:05:06","date_gmt":"2017-02-10T23:05:06","guid":{"rendered":"http:\/\/new.mcchurfirsten.ch\/wp\/?page_id=9"},"modified":"2024-05-31T08:10:47","modified_gmt":"2024-05-31T06:10:47","slug":"anlage","status":"publish","type":"page","link":"https:\/\/mcchurfirsten.ch\/index.php\/anlage\/","title":{"rendered":"Anlage"},"content":{"rendered":"<p><span style=\"color: #339966; font-family: georgia, palatino, serif; font-size: 18pt;\">Willkommen auf der Minigolfanlage &#8222;Badi&#8220; in Wattwil<\/span><\/p>\n<p><b>Wir w\u00fcnschen Ihnen &#8222;guet Loch&#8220; und viel Vergn\u00fcgen beim &#8222;Minig\u00f6lfle&#8220;<\/b><\/p>\n<p>F\u00fcr Turnierspieler liegt die 1. Fassung eines <a href=\"https:\/\/mcchurfirsten.ch\/index.php\/anlage\/bahnenplan-wattwil-juli-22\/\">Bahnenplans<\/a> vor.<\/p>\n<p>\u00d6ffnungszeiten und Eintrittspreise erfahren Sie unter:<\/p>\n<p><a href=\"https:\/\/www.freizeit-wattwil.ch\/\">Badi \/ Minigolf Wattwil<\/a><br \/>\nIndustriestrasse 10<br \/>\n9630 Wattwil<br \/>\nTelefon 071 988 10 80<\/p>\n<hr \/>\n<p><strong>Lage<br \/>\n<\/strong><\/p>\n<p><iframe loading=\"lazy\" style=\"border: 0;\" src=\"https:\/\/www.google.com\/maps\/embed?pb=!1m18!1m12!1m3!1d8822.983778338024!2d9.081465395184365!3d47.29721383252648!2m3!1f0!2f0!3f0!3m2!1i1024!2i768!4f13.1!3m3!1m2!1s0x479ac4d001fecfe3%3A0xfe29b1a02a321056!2sMC+Churfirsten!5e1!3m2!1sde!2sch!4v1488106577120\" width=\"800\" height=\"600\" frameborder=\"0\" allowfullscreen=\"allowfullscreen\"><\/iframe><\/p>\n","protected":false},"excerpt":{"rendered":"<p>Willkommen auf der Minigolfanlage &#8222;Badi&#8220; in Wattwil Wir w\u00fcnschen Ihnen &#8222;guet Loch&#8220; und viel Vergn\u00fcgen beim &#8222;Minig\u00f6lfle&#8220; F\u00fcr Turnierspieler liegt die 1. Fassung eines Bahnenplans vor. \u00d6ffnungszeiten und Eintrittspreise erfahren&#8230;<\/p>\n","protected":false},"author":1,"featured_media":1315,"parent":0,"menu_order":0,"comment_status":"closed","ping_status":"closed","template":"page-templates\/no-sidebar.php","meta":{"footnotes":""},"_links":{"self":[{"href":"https:\/\/mcchurfirsten.ch\/index.php\/wp-json\/wp\/v2\/pages\/9"}],"collection":[{"href":"https:\/\/mcchurfirsten.ch\/index.php\/wp-json\/wp\/v2\/pages"}],"about":[{"href":"https:\/\/mcchurfirsten.ch\/index.php\/wp-json\/wp\/v2\/types\/page"}],"author":[{"embeddable":true,"href":"https:\/\/mcchurfirsten.ch\/index.php\/wp-json\/wp\/v2\/users\/1"}],"replies":[{"embeddable":true,"href":"https:\/\/mcchurfirsten.ch\/index.php\/wp-json\/wp\/v2\/comments?post=9"}],"version-history":[{"count":65,"href":"https:\/\/mcchurfirsten.ch\/index.php\/wp-json\/wp\/v2\/pages\/9\/revisions"}],"predecessor-version":[{"id":1661,"href":"https:\/\/mcchurfirsten.ch\/index.php\/wp-json\/wp\/v2\/pages\/9\/revisions\/1661"}],"wp:featuredmedia":[{"embeddable":true,"href":"https:\/\/mcchurfirsten.ch\/index.php\/wp-json\/wp\/v2\/media\/1315"}],"wp:attachment":[{"href":"https:\/\/mcchurfirsten.ch\/index.php\/wp-json\/wp\/v2\/media?parent=9"}],"curies":[{"name":"wp","href":"https:\/\/api.w.org\/{rel}","templated":true}]}}