{"id":836,"date":"2019-04-21T22:16:34","date_gmt":"2019-04-21T20:16:34","guid":{"rendered":"http:\/\/mcchurfirsten.ch\/?page_id=836"},"modified":"2022-10-23T14:25:29","modified_gmt":"2022-10-23T12:25:29","slug":"jahresprogramm-2019","status":"publish","type":"page","link":"https:\/\/mcchurfirsten.ch\/index.php\/verein\/jahresprogramm-2019\/","title":{"rendered":"Jahresprogramm 2019"},"content":{"rendered":"<div class=\"supsystic-table-loader spinner\"style=\"background-color:#000000\"><\/div><div id=\"supsystic-table-9_42434\" class=\"supsystic-tables-wrap \" style=\" width:100%; visibility: hidden; \" data-table-width-fixed=\"100%\" ><table id=\"supsystic-table-9\" class=\"supsystic-table border stripe lightboxImg cell-border\" data-id=\"9\" data-view-id=\"9_42434\" data-title=\"Jahresprogramm 2019\" data-currency-format=\"$1,000.00\" data-percent-format=\"10.00%\" data-date-format=\"DD.MM.YYYY\" data-time-format=\"HH:mm\" data-features=\"[&quot;ordering&quot;,&quot;after_table_loaded_script&quot;]\" data-search-value=\"\" data-lightbox-img=\"\" data-head=\"on\" data-head-rows-count=\"1\" data-pagination-length=\"50,100,All\" data-auto-index=\"off\" data-searching-settings=\"{&quot;minChars&quot;:&quot;0&quot;}\" data-sort-column=\"1\" data-sort-order=\"asc\" data-multiple-sorting=\"[]\" data-disable-sorting=\"[]\" data-lang=\"default\" data-override=\"{&quot;emptyTable&quot;:&quot;&quot;,&quot;info&quot;:&quot;&quot;,&quot;infoEmpty&quot;:&quot;&quot;,&quot;infoFiltered&quot;:&quot;&quot;,&quot;lengthMenu&quot;:&quot;&quot;,&quot;search&quot;:&quot;&quot;,&quot;zeroRecords&quot;:&quot;&quot;,&quot;file&quot;:&quot;default&quot;}\" data-merged=\"[]\" data-responsive-mode=\"0\" data-from-history=\"0\" ><thead><tr><th data-cell-id=\"A1\" data-x=\"0\" data-y=\"1\" data-db-index=\"1\" class=\"bold\" data-cell-type=\"text\" data-original-value=\"Datum\" data-order=\"Datum\" style=\"min-width:9.1837%; \" >Datum <\/th><th data-cell-id=\"B1\" data-x=\"1\" data-y=\"1\" data-db-index=\"1\" class=\"bold\" data-cell-type=\"text\" data-original-value=\"Anlass\" data-order=\"Anlass\" style=\"min-width:37.7551%; \" >Anlass <\/th><th data-cell-id=\"C1\" data-x=\"2\" data-y=\"1\" data-db-index=\"1\" class=\"bold\" data-cell-type=\"text\" data-original-value=\"Bemerkung \/ Berichte\" data-order=\"Bemerkung \/ Berichte\" style=\"min-width:36.9615%; \" >Bemerkung \/ Berichte <\/th><th data-cell-id=\"D1\" data-x=\"3\" data-y=\"1\" data-db-index=\"1\" class=\"bold\" data-cell-type=\"text\" data-original-value=\"Resultate\" data-order=\"Resultate\" style=\"min-width:16.0998%; \" >Resultate <\/th><\/tr><\/thead><tbody><tr style=\"height:px\" ><td data-cell-id=\"A2\" data-x=\"0\" data-y=\"2\" data-db-index=\"2\" class=\"\" data-cell-type=\"text\" data-original-value=\"\" data-order=\"\" ><\/td><td data-cell-id=\"B2\" data-x=\"1\" data-y=\"2\" data-db-index=\"2\" class=\"\" data-cell-type=\"text\" data-original-value=\"1. Churfirstenturnier (Hohenems, A)\" data-order=\"1. Churfirstenturnier (Hohenems, A)\" >1. Churfirstenturnier (Hohenems, A) <\/td><td data-cell-id=\"C2\" data-x=\"2\" data-y=\"2\" data-db-index=\"2\" class=\"\" data-cell-type=\"text\" data-original-value=\"Indoor Eternitanlage \" data-order=\"Indoor Eternitanlage \" >Indoor Eternitanlage <\/td><td data-cell-id=\"D2\" data-x=\"3\" data-y=\"2\" data-db-index=\"2\" class=\"\" data-cell-type=\"text\" data-original-value=\"\" data-order=\"\" ><\/td><\/tr><tr style=\"height:px\" ><td data-cell-id=\"A3\" data-x=\"0\" data-y=\"3\" data-db-index=\"3\" class=\"\" data-cell-type=\"text\" data-original-value=\"\" data-order=\"\" ><\/td><td data-cell-id=\"B3\" data-x=\"1\" data-y=\"3\" data-db-index=\"3\" class=\"\" data-cell-type=\"text\" data-original-value=\"HV gem\u00e4ss Einladung\" data-order=\"HV gem\u00e4ss Einladung\" >HV gem\u00e4ss Einladung <\/td><td data-cell-id=\"C3\" data-x=\"2\" data-y=\"3\" data-db-index=\"3\" class=\"\" data-cell-type=\"text\" data-original-value=\"\" data-order=\"\" ><\/td><td data-cell-id=\"D3\" data-x=\"3\" data-y=\"3\" data-db-index=\"3\" class=\"\" data-cell-type=\"text\" data-original-value=\"\" data-order=\"\" ><\/td><\/tr><tr style=\"height:px\" ><td data-cell-id=\"A4\" data-x=\"0\" data-y=\"4\" data-db-index=\"4\" class=\"\" data-cell-type=\"text\" data-original-value=\"\" data-order=\"\" ><\/td><td data-cell-id=\"B4\" data-x=\"1\" data-y=\"4\" data-db-index=\"4\" class=\"\" data-cell-type=\"text\" data-original-value=\"Hansruedi-Cup in Bassersdorf\" data-order=\"Hansruedi-Cup in Bassersdorf\" >Hansruedi-Cup in Bassersdorf <\/td><td data-cell-id=\"C4\" data-x=\"2\" data-y=\"4\" data-db-index=\"4\" class=\"\" data-cell-type=\"text\" data-original-value=\"\" data-order=\"\" ><\/td><td data-cell-id=\"D4\" data-x=\"3\" data-y=\"4\" data-db-index=\"4\" class=\"\" data-cell-type=\"text\" data-original-value=\"\" data-order=\"\" ><\/td><\/tr><tr style=\"height:px\" ><td data-cell-id=\"A5\" data-x=\"0\" data-y=\"5\" data-db-index=\"5\" class=\"\" data-cell-type=\"text\" data-original-value=\"\" data-order=\"\" ><\/td><td data-cell-id=\"B5\" data-x=\"1\" data-y=\"5\" data-db-index=\"5\" class=\"\" data-cell-type=\"text\" data-original-value=\"Minigolf Badi voraussichtliche Saisoner\u00f6ffnung\" data-order=\"Minigolf Badi voraussichtliche Saisoner\u00f6ffnung\" >Minigolf Badi voraussichtliche Saisoner\u00f6ffnung <\/td><td data-cell-id=\"C5\" data-x=\"2\" data-y=\"5\" data-db-index=\"5\" class=\"\" data-cell-type=\"text\" data-original-value=\"offen ab Karfreitag, 30.03.2018\" data-order=\"offen ab Karfreitag, 30.03.2018\" >offen ab Karfreitag, 30.03.2018 <\/td><td data-cell-id=\"D5\" data-x=\"3\" data-y=\"5\" data-db-index=\"5\" class=\"\" data-cell-type=\"text\" data-original-value=\"\" data-order=\"\" ><\/td><\/tr><tr style=\"height:px\" ><td data-cell-id=\"A6\" data-x=\"0\" data-y=\"6\" data-db-index=\"6\" class=\"\" data-cell-type=\"text\" data-original-value=\"\" data-order=\"\" ><\/td><td data-cell-id=\"B6\" data-x=\"1\" data-y=\"6\" data-db-index=\"6\" class=\"\" data-cell-type=\"text\" data-original-value=\"Er\u00f6ffnungsturnier Beginn 17.00 Uhr\" data-order=\"Er\u00f6ffnungsturnier Beginn 17.00 Uhr\" >Er\u00f6ffnungsturnier Beginn 17.00 Uhr <\/td><td data-cell-id=\"C6\" data-x=\"2\" data-y=\"6\" data-db-index=\"6\" class=\"\" data-cell-type=\"text\" data-original-value=\"Wertung: die besten 2 Runden von 3\" data-order=\"Wertung: die besten 2 Runden von 3\" >Wertung: die besten 2 Runden von 3 <\/td><td data-cell-id=\"D6\" data-x=\"3\" data-y=\"6\" data-db-index=\"6\" class=\"\" data-cell-type=\"text\" data-original-value=\"\" data-order=\"\" ><\/td><\/tr><tr style=\"height:px\" ><td data-cell-id=\"A7\" data-x=\"0\" data-y=\"7\" data-db-index=\"7\" class=\"\" data-cell-type=\"text\" data-original-value=\"\" data-order=\"\" ><\/td><td data-cell-id=\"B7\" data-x=\"1\" data-y=\"7\" data-db-index=\"7\" class=\"\" data-cell-type=\"text\" data-original-value=\"Churfirsten-Cup 100 Schl\u00e4ge Beginn 08.00 Uhr\" data-order=\"Churfirsten-Cup 100 Schl\u00e4ge Beginn 08.00 Uhr\" >Churfirsten-Cup 100 Schl\u00e4ge Beginn 08.00 Uhr <\/td><td data-cell-id=\"C7\" data-x=\"2\" data-y=\"7\" data-db-index=\"7\" class=\"\" data-cell-type=\"text\" data-original-value=\"3 Runden m\u00fcssen fertig gespielt werden\" data-order=\"3 Runden m\u00fcssen fertig gespielt werden\" >3 Runden m\u00fcssen fertig gespielt werden <\/td><td data-cell-id=\"D7\" data-x=\"3\" data-y=\"7\" data-db-index=\"7\" class=\"\" data-cell-type=\"text\" data-original-value=\"\" data-order=\"\" ><\/td><\/tr><tr style=\"height:px\" ><td data-cell-id=\"A8\" data-x=\"0\" data-y=\"8\" data-db-index=\"8\" class=\"\" data-cell-type=\"text\" data-original-value=\"\" data-order=\"\" ><\/td><td data-cell-id=\"B8\" data-x=\"1\" data-y=\"8\" data-db-index=\"8\" class=\"\" data-cell-type=\"text\" data-original-value=\"internes Badi-Turnier 3 Runden Beginn 08.00 Uhr\" data-order=\"internes Badi-Turnier 3 Runden Beginn 08.00 Uhr\" >internes Badi-Turnier 3 Runden Beginn 08.00 Uhr <\/td><td data-cell-id=\"C8\" data-x=\"2\" data-y=\"8\" data-db-index=\"8\" class=\"\" data-cell-type=\"text\" data-original-value=\"\" data-order=\"\" ><\/td><td data-cell-id=\"D8\" data-x=\"3\" data-y=\"8\" data-db-index=\"8\" class=\"\" data-cell-type=\"text\" data-original-value=\"\" data-order=\"\" ><\/td><\/tr><tr style=\"height:px\" ><td data-cell-id=\"A9\" data-x=\"0\" data-y=\"9\" data-db-index=\"9\" class=\"\" data-cell-type=\"text\" data-original-value=\"\" data-order=\"\" ><\/td><td data-cell-id=\"B9\" data-x=\"1\" data-y=\"9\" data-db-index=\"9\" class=\"\" data-cell-type=\"text\" data-original-value=\"Volksturnier ab 17.00 Uhr\" data-order=\"Volksturnier ab 17.00 Uhr\" >Volksturnier ab 17.00 Uhr <\/td><td data-cell-id=\"C9\" data-x=\"2\" data-y=\"9\" data-db-index=\"9\" class=\"\" data-cell-type=\"text\" data-original-value=\"nur f\u00fcr vorgemerkte Gruppen\" data-order=\"nur f\u00fcr vorgemerkte Gruppen\" >nur f\u00fcr vorgemerkte Gruppen <\/td><td data-cell-id=\"D9\" data-x=\"3\" data-y=\"9\" data-db-index=\"9\" class=\"\" data-cell-type=\"text\" data-original-value=\"\" data-order=\"\" ><\/td><\/tr><tr style=\"height:px\" ><td data-cell-id=\"A10\" data-x=\"0\" data-y=\"10\" data-db-index=\"10\" class=\"\" data-cell-type=\"text\" data-original-value=\"\" data-order=\"\" ><\/td><td data-cell-id=\"B10\" data-x=\"1\" data-y=\"10\" data-db-index=\"10\" class=\"\" data-cell-type=\"text\" data-original-value=\"Volksturnier ab 13.00 Uhr\" data-order=\"Volksturnier ab 13.00 Uhr\" >Volksturnier ab 13.00 Uhr <\/td><td data-cell-id=\"C10\" data-x=\"2\" data-y=\"10\" data-db-index=\"10\" class=\"\" data-cell-type=\"text\" data-original-value=\"\" data-order=\"\" ><\/td><td data-cell-id=\"D10\" data-x=\"3\" data-y=\"10\" data-db-index=\"10\" class=\"\" data-cell-type=\"text\" data-original-value=\"\" data-order=\"\" ><\/td><\/tr><tr style=\"height:px\" ><td data-cell-id=\"A11\" data-x=\"0\" data-y=\"11\" data-db-index=\"11\" class=\"\" data-cell-type=\"text\" data-original-value=\"\" data-order=\"\" ><\/td><td data-cell-id=\"B11\" data-x=\"1\" data-y=\"11\" data-db-index=\"11\" class=\"\" data-cell-type=\"text\" data-original-value=\"Volksturnier ab 10.00 Uhr\" data-order=\"Volksturnier ab 10.00 Uhr\" >Volksturnier ab 10.00 Uhr <\/td><td data-cell-id=\"C11\" data-x=\"2\" data-y=\"11\" data-db-index=\"11\" class=\"\" data-cell-type=\"text\" data-original-value=\"\" data-order=\"\" ><\/td><td data-cell-id=\"D11\" data-x=\"3\" data-y=\"11\" data-db-index=\"11\" class=\"\" data-cell-type=\"text\" data-original-value=\"\" data-order=\"\" ><\/td><\/tr><tr style=\"height:px\" ><td data-cell-id=\"A12\" data-x=\"0\" data-y=\"12\" data-db-index=\"12\" class=\"\" data-cell-type=\"text\" data-original-value=\"\" data-order=\"\" ><\/td><td data-cell-id=\"B12\" data-x=\"1\" data-y=\"12\" data-db-index=\"12\" class=\"\" data-cell-type=\"text\" data-original-value=\"Turnier Ascona Samstag u. Sonntag\" data-order=\"Turnier Ascona Samstag u. Sonntag\" >Turnier Ascona Samstag u. Sonntag <\/td><td data-cell-id=\"C12\" data-x=\"2\" data-y=\"12\" data-db-index=\"12\" class=\"\" data-cell-type=\"text\" data-original-value=\"Rangliste \u00fcber Swissminigolf abrufbar\" data-order=\"Rangliste \u00fcber Swissminigolf abrufbar\" >Rangliste \u00fcber Swissminigolf abrufbar <\/td><td data-cell-id=\"D12\" data-x=\"3\" data-y=\"12\" data-db-index=\"12\" class=\"\" data-cell-type=\"text\" data-original-value=\"\" data-order=\"\" ><\/td><\/tr><tr style=\"height:px\" ><td data-cell-id=\"A13\" data-x=\"0\" data-y=\"13\" data-db-index=\"13\" class=\"\" data-cell-type=\"text\" data-original-value=\"\" data-order=\"\" ><\/td><td data-cell-id=\"B13\" data-x=\"1\" data-y=\"13\" data-db-index=\"13\" class=\"\" data-cell-type=\"text\" data-original-value=\"Schlussturnier\" data-order=\"Schlussturnier\" >Schlussturnier <\/td><td data-cell-id=\"C13\" data-x=\"2\" data-y=\"13\" data-db-index=\"13\" class=\"\" data-cell-type=\"text\" data-original-value=\"Danke Rolf f\u00fcr das unterhaltsame Schlussturnier\" data-order=\"Danke Rolf f\u00fcr das unterhaltsame Schlussturnier\" >Danke Rolf f\u00fcr das unterhaltsame Schlussturnier <\/td><td data-cell-id=\"D13\" data-x=\"3\" data-y=\"13\" data-db-index=\"13\" class=\"\" data-cell-type=\"text\" data-original-value=\"\" data-order=\"\" ><\/td><\/tr><tr style=\"height:px\" ><td data-cell-id=\"A14\" data-x=\"0\" data-y=\"14\" data-db-index=\"14\" class=\"\" data-cell-type=\"text\" data-original-value=\"\" data-order=\"\" ><\/td><td data-cell-id=\"B14\" data-x=\"1\" data-y=\"14\" data-db-index=\"14\" class=\"\" data-cell-type=\"text\" data-original-value=\"Absenden und Essen Trainingsmeisterschaft\" data-order=\"Absenden und Essen Trainingsmeisterschaft\" >Absenden und Essen Trainingsmeisterschaft <\/td><td data-cell-id=\"C14\" data-x=\"2\" data-y=\"14\" data-db-index=\"14\" class=\"\" data-cell-type=\"text\" data-original-value=\"\" data-order=\"\" ><\/td><td data-cell-id=\"D14\" data-x=\"3\" data-y=\"14\" data-db-index=\"14\" class=\"\" data-cell-type=\"text\" data-original-value=\"\" data-order=\"\" ><\/td><\/tr><tr style=\"height:px\" ><td data-cell-id=\"A15\" data-x=\"0\" data-y=\"15\" data-db-index=\"15\" class=\"\" data-cell-type=\"text\" data-original-value=\"\" data-order=\"\" ><\/td><td data-cell-id=\"B15\" data-x=\"1\" data-y=\"15\" data-db-index=\"15\" class=\"\" data-cell-type=\"text\" data-original-value=\"Jahresprogramm Absenden\" data-order=\"Jahresprogramm Absenden\" >Jahresprogramm Absenden <\/td><td data-cell-id=\"C15\" data-x=\"2\" data-y=\"15\" data-db-index=\"15\" class=\"\" data-cell-type=\"text\" data-original-value=\"\" data-order=\"\" ><\/td><td data-cell-id=\"D15\" data-x=\"3\" data-y=\"15\" data-db-index=\"15\" class=\"\" data-cell-type=\"text\" data-original-value=\"\" data-order=\"\" ><\/td><\/tr><\/tbody><\/table><!-- \/#supsystic-table-9.supsystic-table --><\/div><!-- \/.supsystic-tables-wrap --><!-- Tables Generator by Supsystic --><!-- Version:1.10.32 --><!-- http:\/\/supsystic.com\/ --><a title=\"WordPress Data Table\" style=\"display:none;\" href=\"https:\/\/supsystic.com\/plugins\/wordpress-data-table-plugin\/?utm_medium=love_link\" target=\"_blank\">WordPress Data Table<\/a>\n<p>&nbsp;<\/p>\n<table>\n<tbody>\n<tr>\n<td colspan=\"2\"><strong>Zur Jahreswertung z\u00e4hlen noch folgende&nbsp;Programmpunkte<\/strong><\/td>\n<\/tr>\n<tr>\n<td><strong>blauen Karten <\/strong><a href=\"https:\/\/mcchurfirsten.ch\/index.php\/verein\/turniere-extern-2018\/montagsrunden-2018\/\">Rangliste&nbsp;<\/a><\/td>\n<td>Es werden die besten 8 Runden von max. 12 gewertet.<\/td>\n<\/tr>\n<tr>\n<td><strong>gr\u00fcnen Karten <\/strong><a href=\"https:\/\/mcchurfirsten.ch\/index.php\/verein\/turniere-extern-2018\/j-gegen-j-2018\/\">Rangliste<\/a><\/td>\n<td>Jeder gegen Jeden.<\/td>\n<\/tr>\n<tr>\n<td><\/td>\n<td><\/td>\n<\/tr>\n<tr>\n<td><em><strong>Trainingsmeisterschaft<\/strong>&nbsp;&nbsp;<\/em><br \/>\n<em><strong>gelbe Karten<\/strong><\/em><br \/>\n<em>offen auch f\u00fcr Passivmitglieder<\/em><\/td>\n<td><em>W\u00e4hrend der laufenden Saison k\u00f6nnen Aktiv- und Passivmitglieder an der Trainingsmeisterschaft teilnehmen. F\u00fcr die Wertung z\u00e4hlen die besten 18. Runden. Jeder Teilnehmer kann so viele Runden spielen wie er m\u00f6chte.&nbsp;<strong>&nbsp;<\/strong>Die Einnahmen werden zur H\u00e4lfte beim TMS-Absenden ausbezahlt und die andere H\u00e4lfte wird ins Essen investiert. Die TMS-Wertung wird nicht zum Jahresprogramm gez\u00e4hlt&nbsp;<\/em>Rangliste TMS 2017<\/td>\n<\/tr>\n<\/tbody>\n<\/table>\n","protected":false},"excerpt":{"rendered":"<p>&nbsp; Zur Jahreswertung z\u00e4hlen noch folgende&nbsp;Programmpunkte blauen Karten Rangliste&nbsp; Es werden die besten 8 Runden von max. 12 gewertet. gr\u00fcnen Karten Rangliste Jeder gegen Jeden. Trainingsmeisterschaft&nbsp;&nbsp; gelbe Karten offen auch&#8230;<\/p>\n","protected":false},"author":3,"featured_media":0,"parent":35,"menu_order":0,"comment_status":"closed","ping_status":"closed","template":"","meta":{"footnotes":""},"_links":{"self":[{"href":"https:\/\/mcchurfirsten.ch\/index.php\/wp-json\/wp\/v2\/pages\/836"}],"collection":[{"href":"https:\/\/mcchurfirsten.ch\/index.php\/wp-json\/wp\/v2\/pages"}],"about":[{"href":"https:\/\/mcchurfirsten.ch\/index.php\/wp-json\/wp\/v2\/types\/page"}],"author":[{"embeddable":true,"href":"https:\/\/mcchurfirsten.ch\/index.php\/wp-json\/wp\/v2\/users\/3"}],"replies":[{"embeddable":true,"href":"https:\/\/mcchurfirsten.ch\/index.php\/wp-json\/wp\/v2\/comments?post=836"}],"version-history":[{"count":3,"href":"https:\/\/mcchurfirsten.ch\/index.php\/wp-json\/wp\/v2\/pages\/836\/revisions"}],"predecessor-version":[{"id":1199,"href":"https:\/\/mcchurfirsten.ch\/index.php\/wp-json\/wp\/v2\/pages\/836\/revisions\/1199"}],"up":[{"embeddable":true,"href":"https:\/\/mcchurfirsten.ch\/index.php\/wp-json\/wp\/v2\/pages\/35"}],"wp:attachment":[{"href":"https:\/\/mcchurfirsten.ch\/index.php\/wp-json\/wp\/v2\/media?parent=836"}],"curies":[{"name":"wp","href":"https:\/\/api.w.org\/{rel}","templated":true}]}}