{"id":416,"date":"2017-03-11T14:48:10","date_gmt":"2017-03-11T13:48:10","guid":{"rendered":"http:\/\/new.mcchurfirsten.ch\/wp\/?page_id=416"},"modified":"2018-01-31T08:58:49","modified_gmt":"2018-01-31T07:58:49","slug":"jahresprogramm17","status":"publish","type":"page","link":"https:\/\/mcchurfirsten.ch\/index.php\/verein\/jahresprogramm17\/","title":{"rendered":"Jahresprogramm 2017"},"content":{"rendered":"<div class=\"supsystic-table-loader spinner\"style=\"background-color:#000000\"><\/div><div id=\"supsystic-table-3_27807\" class=\"supsystic-tables-wrap \" style=\" width:100%; visibility: hidden; \" data-table-width-fixed=\"100%\" ><table id=\"supsystic-table-3\" class=\"supsystic-table border stripe lightboxImg cell-border\" data-id=\"3\" data-view-id=\"3_27807\" data-title=\"Jahresprogramm 2017\" data-currency-format=\"$1,000.00\" data-percent-format=\"10.00%\" data-date-format=\"DD.MM.YYYY\" data-time-format=\"HH:mm\" data-features=\"[&quot;ordering&quot;,&quot;after_table_loaded_script&quot;]\" data-search-value=\"\" data-lightbox-img=\"\" data-head=\"on\" data-head-rows-count=\"1\" data-pagination-length=\"50,100,All\" data-auto-index=\"off\" data-searching-settings=\"{&quot;minChars&quot;:&quot;0&quot;}\" data-sort-column=\"1\" data-sort-order=\"asc\" data-multiple-sorting=\"[]\" data-disable-sorting=\"[]\" data-lang=\"default\" data-override=\"{&quot;emptyTable&quot;:&quot;&quot;,&quot;info&quot;:&quot;&quot;,&quot;infoEmpty&quot;:&quot;&quot;,&quot;infoFiltered&quot;:&quot;&quot;,&quot;lengthMenu&quot;:&quot;&quot;,&quot;search&quot;:&quot;&quot;,&quot;zeroRecords&quot;:&quot;&quot;,&quot;file&quot;:&quot;default&quot;}\" data-merged=\"[]\" data-responsive-mode=\"0\" data-from-history=\"0\" ><thead><tr><th data-cell-id=\"A1\" data-x=\"0\" data-y=\"1\" data-db-index=\"1\" class=\"bold\" data-cell-type=\"date\" data-cell-format-type=\"date\" data-cell-format=\"DD.MM.YYYY\" data-original-value=\"Datum\" data-order=\"Datum\" style=\"min-width:12.2093%; \" >Datum <\/th><th data-cell-id=\"B1\" data-x=\"1\" data-y=\"1\" data-db-index=\"1\" class=\"bold\" data-cell-type=\"text\" data-original-value=\"Anlass\" data-order=\"Anlass\" style=\"min-width:38.9535%; \" >Anlass <\/th><th data-cell-id=\"C1\" data-x=\"2\" data-y=\"1\" data-db-index=\"1\" class=\"bold\" data-cell-type=\"text\" data-original-value=\"Bemerkung \/ Berichte\" data-order=\"Bemerkung \/ Berichte\" style=\"min-width:30.5814%; \" >Bemerkung \/ Berichte <\/th><th data-cell-id=\"D1\" data-x=\"3\" data-y=\"1\" data-db-index=\"1\" class=\"bold\" data-cell-type=\"text\" data-original-value=\"Resultate\" data-order=\"Resultate\" style=\"min-width:18.2558%; \" >Resultate <\/th><\/tr><\/thead><tbody><tr style=\"height:px\" ><td data-cell-id=\"A2\" data-x=\"0\" data-y=\"2\" data-db-index=\"2\" class=\"\" data-cell-type=\"date\" data-cell-format-type=\"date\" data-cell-format=\"DD.MM.YYYY\" data-original-value=\"22.02.2017\" data-order=\"1487718000000\" >22.02.2017 <\/td><td data-cell-id=\"B2\" data-x=\"1\" data-y=\"2\" data-db-index=\"2\" class=\"\" data-cell-type=\"text\" data-original-value=\"HV gem\u00e4ss Einladung\" data-order=\"HV gem\u00e4ss Einladung\" >HV gem\u00e4ss Einladung <\/td><td data-cell-id=\"C2\" data-x=\"2\" data-y=\"2\" data-db-index=\"2\" class=\"\" data-cell-type=\"text\" data-original-value=\"\" data-order=\"\" ><\/td><td data-cell-id=\"D2\" data-x=\"3\" data-y=\"2\" data-db-index=\"2\" class=\"\" data-cell-type=\"text\" data-original-value=\"\" data-order=\"\" ><\/td><\/tr><tr style=\"height:px\" ><td data-cell-id=\"A3\" data-x=\"0\" data-y=\"3\" data-db-index=\"3\" class=\"\" data-cell-type=\"date\" data-cell-format-type=\"date\" data-cell-format=\"DD.MM.YYYY\" data-original-value=\"26.02.2017\" data-order=\"1488063600000\" >26.02.2017 <\/td><td data-cell-id=\"B3\" data-x=\"1\" data-y=\"3\" data-db-index=\"3\" class=\"\" data-cell-type=\"text\" data-original-value=\"Hansruedi-Cup in Bassersdorf\" data-order=\"Hansruedi-Cup in Bassersdorf\" >Hansruedi-Cup in Bassersdorf <\/td><td data-cell-id=\"C3\" data-x=\"2\" data-y=\"3\" data-db-index=\"3\" class=\"\" data-cell-type=\"text\" data-original-value=\"&lt;a href=&quot;http:\/\/mcchurfirsten.ch\/index.php\/verein\/jahresprogramm17\/bericht-hh-cup-2017\/&quot; target=&quot;_self&quot;&gt;Bericht H-Cup 2017&lt;\/a&gt;\" data-order=\"&lt;a href=&quot;http:\/\/mcchurfirsten.ch\/index.php\/verein\/jahresprogramm17\/bericht-hh-cup-2017\/&quot; target=&quot;_self&quot;&gt;Bericht H-Cup 2017&lt;\/a&gt;\" ><a href=\"http:\/\/mcchurfirsten.ch\/index.php\/verein\/jahresprogramm17\/bericht-hh-cup-2017\/\" target=\"_self\">Bericht H-Cup 2017<\/a><\/td><td data-cell-id=\"D3\" data-x=\"3\" data-y=\"3\" data-db-index=\"3\" class=\"\" data-cell-type=\"text\" data-original-value=\"&lt;a href=&quot;http:\/\/mcchurfirsten.ch\/index.php\/verein\/jahresprogramm17\/hh-cup-2017\/&quot; target=&quot;_self&quot;&gt;Rangliste H-Cup 2017&lt;\/a&gt;\" data-order=\"&lt;a href=&quot;http:\/\/mcchurfirsten.ch\/index.php\/verein\/jahresprogramm17\/hh-cup-2017\/&quot; target=&quot;_self&quot;&gt;Rangliste H-Cup 2017&lt;\/a&gt;\" ><a href=\"http:\/\/mcchurfirsten.ch\/index.php\/verein\/jahresprogramm17\/hh-cup-2017\/\" target=\"_self\">Rangliste H-Cup 2017<\/a><\/td><\/tr><tr style=\"height:px\" ><td data-cell-id=\"A4\" data-x=\"0\" data-y=\"4\" data-db-index=\"4\" class=\"\" data-cell-type=\"date\" data-cell-format-type=\"date\" data-cell-format=\"DD.MM.YYYY\" data-original-value=\"11.03.2017\" data-order=\"1489186800000\" >11.03.2017 <\/td><td data-cell-id=\"B4\" data-x=\"1\" data-y=\"4\" data-db-index=\"4\" class=\"\" data-cell-type=\"text\" data-original-value=\"Minigolf Badi voraussichtliche Saisoner\u00f6ffnung\" data-order=\"Minigolf Badi voraussichtliche Saisoner\u00f6ffnung\" >Minigolf Badi voraussichtliche Saisoner\u00f6ffnung <\/td><td data-cell-id=\"C4\" data-x=\"2\" data-y=\"4\" data-db-index=\"4\" class=\"\" data-cell-type=\"text\" data-original-value=\"verschoben auf 22.03.2017\" data-order=\"verschoben auf 22.03.2017\" >verschoben auf 22.03.2017 <\/td><td data-cell-id=\"D4\" data-x=\"3\" data-y=\"4\" data-db-index=\"4\" class=\"\" data-cell-type=\"text\" data-original-value=\"\" data-order=\"\" ><\/td><\/tr><tr style=\"height:px\" ><td data-cell-id=\"A5\" data-x=\"0\" data-y=\"5\" data-db-index=\"5\" class=\"\" data-cell-type=\"date\" data-cell-format-type=\"date\" data-cell-format=\"DD.MM.YYYY\" data-original-value=\"09.04.2017\" data-order=\"1491688800000\" >09.04.2017 <\/td><td data-cell-id=\"B5\" data-x=\"1\" data-y=\"5\" data-db-index=\"5\" class=\"\" data-cell-type=\"text\" data-original-value=\"Er\u00f6ffnungsturnier Beginn 08.30Uhr\" data-order=\"Er\u00f6ffnungsturnier Beginn 08.30Uhr\" >Er\u00f6ffnungsturnier Beginn 08.30Uhr <\/td><td data-cell-id=\"C5\" data-x=\"2\" data-y=\"5\" data-db-index=\"5\" class=\"\" data-cell-type=\"text\" data-original-value=\"Wertung: die besten 2 Runden von 3\" data-order=\"Wertung: die besten 2 Runden von 3\" >Wertung: die besten 2 Runden von 3 <\/td><td data-cell-id=\"D5\" data-x=\"3\" data-y=\"5\" data-db-index=\"5\" class=\"\" data-cell-type=\"text\" data-original-value=\"&lt;a href=&quot;http:\/\/mcchurfirsten.ch\/index.php\/verein\/jahresprogramm17\/eroeffnungsturnier\/&quot; target=&quot;_self&quot;&gt;RL Er\u00f6ff-Turnier 2017&lt;\/a&gt;\" data-order=\"&lt;a href=&quot;http:\/\/mcchurfirsten.ch\/index.php\/verein\/jahresprogramm17\/eroeffnungsturnier\/&quot; target=&quot;_self&quot;&gt;RL Er\u00f6ff-Turnier 2017&lt;\/a&gt;\" ><a href=\"http:\/\/mcchurfirsten.ch\/index.php\/verein\/jahresprogramm17\/eroeffnungsturnier\/\" target=\"_self\">RL Er\u00f6ff-Turnier 2017<\/a><\/td><\/tr><tr style=\"height:px\" ><td data-cell-id=\"A6\" data-x=\"0\" data-y=\"6\" data-db-index=\"6\" class=\"\" data-cell-type=\"date\" data-cell-format-type=\"date\" data-cell-format=\"DD.MM.YYYY\" data-original-value=\"10.04.2017\" data-order=\"1491775200000\" >10.04.2017 <\/td><td data-cell-id=\"B6\" data-x=\"1\" data-y=\"6\" data-db-index=\"6\" class=\"\" data-cell-type=\"text\" data-original-value=\"Ferienpass Wattwil\" data-order=\"Ferienpass Wattwil\" >Ferienpass Wattwil <\/td><td data-cell-id=\"C6\" data-x=\"2\" data-y=\"6\" data-db-index=\"6\" class=\"\" data-cell-type=\"text\" data-original-value=\"\" data-order=\"\" ><\/td><td data-cell-id=\"D6\" data-x=\"3\" data-y=\"6\" data-db-index=\"6\" class=\"\" data-cell-type=\"text\" data-original-value=\"\" data-order=\"\" ><\/td><\/tr><tr style=\"height:px\" ><td data-cell-id=\"A7\" data-x=\"0\" data-y=\"7\" data-db-index=\"7\" class=\"\" data-cell-type=\"date\" data-cell-format-type=\"date\" data-cell-format=\"DD.MM.YYYY\" data-original-value=\"16.07.2017\" data-order=\"1500156000000\" >16.07.2017 <\/td><td data-cell-id=\"B7\" data-x=\"1\" data-y=\"7\" data-db-index=\"7\" class=\"\" data-cell-type=\"text\" data-original-value=\"Churfirsten-Cup 100 Schl\u00e4ge Beginn 08.00 Uhr\" data-order=\"Churfirsten-Cup 100 Schl\u00e4ge Beginn 08.00 Uhr\" >Churfirsten-Cup 100 Schl\u00e4ge Beginn 08.00 Uhr <\/td><td data-cell-id=\"C7\" data-x=\"2\" data-y=\"7\" data-db-index=\"7\" class=\"\" data-cell-type=\"text\" data-original-value=\"&lt;a href=&quot;http:\/\/mcchurfirsten.ch\/index.php\/verein\/jahresprogramm17\/bericht-churfirsten-cup-2017\/&quot; target=&quot;_self&quot;&gt;Bericht Churfirsten-Cup&lt;\/a&gt;\" data-order=\"&lt;a href=&quot;http:\/\/mcchurfirsten.ch\/index.php\/verein\/jahresprogramm17\/bericht-churfirsten-cup-2017\/&quot; target=&quot;_self&quot;&gt;Bericht Churfirsten-Cup&lt;\/a&gt;\" ><a href=\"http:\/\/mcchurfirsten.ch\/index.php\/verein\/jahresprogramm17\/bericht-churfirsten-cup-2017\/\" target=\"_self\">Bericht Churfirsten-Cup<\/a><\/td><td data-cell-id=\"D7\" data-x=\"3\" data-y=\"7\" data-db-index=\"7\" class=\"\" data-cell-type=\"text\" data-original-value=\"\" data-order=\"\" ><\/td><\/tr><tr style=\"height:px\" ><td data-cell-id=\"A8\" data-x=\"0\" data-y=\"8\" data-db-index=\"8\" class=\"\" data-cell-type=\"date\" data-cell-format-type=\"date\" data-cell-format=\"DD.MM.YYYY\" data-original-value=\"13.08.2017\" data-order=\"1502575200000\" >13.08.2017 <\/td><td data-cell-id=\"B8\" data-x=\"1\" data-y=\"8\" data-db-index=\"8\" class=\"\" data-cell-type=\"text\" data-original-value=\"internes Badi-Turnier 3 Runden Beginn 08.00 Uhr\" data-order=\"internes Badi-Turnier 3 Runden Beginn 08.00 Uhr\" >internes Badi-Turnier 3 Runden Beginn 08.00 Uhr <\/td><td data-cell-id=\"C8\" data-x=\"2\" data-y=\"8\" data-db-index=\"8\" class=\"\" data-cell-type=\"text\" data-original-value=\"\" data-order=\"\" ><\/td><td data-cell-id=\"D8\" data-x=\"3\" data-y=\"8\" data-db-index=\"8\" class=\"\" data-cell-type=\"text\" data-original-value=\"&lt;a href=&quot;http:\/\/mcchurfirsten.ch\/index.php\/verein\/jahresprogramm17\/sommer-club-turnier-2017\/&quot; target=&quot;_self&quot;&gt;int.Badi-Turnier&lt;\/a&gt;\" data-order=\"&lt;a href=&quot;http:\/\/mcchurfirsten.ch\/index.php\/verein\/jahresprogramm17\/sommer-club-turnier-2017\/&quot; target=&quot;_self&quot;&gt;int.Badi-Turnier&lt;\/a&gt;\" ><a href=\"http:\/\/mcchurfirsten.ch\/index.php\/verein\/jahresprogramm17\/sommer-club-turnier-2017\/\" target=\"_self\">int.Badi-Turnier<\/a><\/td><\/tr><tr style=\"height:px\" ><td data-cell-id=\"A9\" data-x=\"0\" data-y=\"9\" data-db-index=\"9\" class=\"\" data-cell-type=\"date\" data-cell-format-type=\"date\" data-cell-format=\"DD.MM.YYYY\" data-original-value=\"25.08.2017\" data-order=\"1503612000000\" >25.08.2017 <\/td><td data-cell-id=\"B9\" data-x=\"1\" data-y=\"9\" data-db-index=\"9\" class=\"\" data-cell-type=\"text\" data-original-value=\"Volksturnier ab 17.00 Uhr\" data-order=\"Volksturnier ab 17.00 Uhr\" >Volksturnier ab 17.00 Uhr <\/td><td data-cell-id=\"C9\" data-x=\"2\" data-y=\"9\" data-db-index=\"9\" class=\"\" data-cell-type=\"text\" data-original-value=\"nur f\u00fcr vorgemerkte Gruppen\" data-order=\"nur f\u00fcr vorgemerkte Gruppen\" >nur f\u00fcr vorgemerkte Gruppen <\/td><td data-cell-id=\"D9\" data-x=\"3\" data-y=\"9\" data-db-index=\"9\" class=\"\" data-cell-type=\"text\" data-original-value=\"\" data-order=\"\" ><\/td><\/tr><tr style=\"height:px\" ><td data-cell-id=\"A10\" data-x=\"0\" data-y=\"10\" data-db-index=\"10\" class=\"\" data-cell-type=\"date\" data-cell-format-type=\"date\" data-cell-format=\"DD.MM.YYYY\" data-original-value=\"26.08.2017\" data-order=\"1503698400000\" >26.08.2017 <\/td><td data-cell-id=\"B10\" data-x=\"1\" data-y=\"10\" data-db-index=\"10\" class=\"\" data-cell-type=\"text\" data-original-value=\"Volksturnier ab 13.00 Uhr\" data-order=\"Volksturnier ab 13.00 Uhr\" >Volksturnier ab 13.00 Uhr <\/td><td data-cell-id=\"C10\" data-x=\"2\" data-y=\"10\" data-db-index=\"10\" class=\"\" data-cell-type=\"text\" data-original-value=\"\" data-order=\"\" ><\/td><td data-cell-id=\"D10\" data-x=\"3\" data-y=\"10\" data-db-index=\"10\" class=\"\" data-cell-type=\"text\" data-original-value=\"\" data-order=\"\" ><\/td><\/tr><tr style=\"height:px\" ><td data-cell-id=\"A11\" data-x=\"0\" data-y=\"11\" data-db-index=\"11\" class=\"\" data-cell-type=\"date\" data-cell-format-type=\"date\" data-cell-format=\"DD.MM.YYYY\" data-original-value=\"27.08.2017\" data-order=\"1503784800000\" >27.08.2017 <\/td><td data-cell-id=\"B11\" data-x=\"1\" data-y=\"11\" data-db-index=\"11\" class=\"\" data-cell-type=\"text\" data-original-value=\"Volksturnier ab 10.00 Uhr\" data-order=\"Volksturnier ab 10.00 Uhr\" >Volksturnier ab 10.00 Uhr <\/td><td data-cell-id=\"C11\" data-x=\"2\" data-y=\"11\" data-db-index=\"11\" class=\"\" data-cell-type=\"text\" data-original-value=\"\" data-order=\"\" ><\/td><td data-cell-id=\"D11\" data-x=\"3\" data-y=\"11\" data-db-index=\"11\" class=\"\" data-cell-type=\"text\" data-original-value=\"&lt;a href=&quot;http:\/\/mcchurfirsten.ch\/index.php\/volksturnier17\/volksturnier-rangliste-2017\/rangliste-volksturnier-2017-2\/&quot; target=&quot;_self&quot;&gt;Rangliste&lt;\/a&gt;\" data-order=\"&lt;a href=&quot;http:\/\/mcchurfirsten.ch\/index.php\/volksturnier17\/volksturnier-rangliste-2017\/rangliste-volksturnier-2017-2\/&quot; target=&quot;_self&quot;&gt;Rangliste&lt;\/a&gt;\" ><a href=\"http:\/\/mcchurfirsten.ch\/index.php\/volksturnier17\/volksturnier-rangliste-2017\/rangliste-volksturnier-2017-2\/\" target=\"_self\">Rangliste<\/a><\/td><\/tr><tr style=\"height:px\" ><td data-cell-id=\"A12\" data-x=\"0\" data-y=\"12\" data-db-index=\"12\" class=\"\" data-cell-type=\"date\" data-cell-format-type=\"date\" data-cell-format=\"DD.MM.YYYY\" data-original-value=\"01.10.2017\" data-order=\"1506808800000\" >01.10.2017 <\/td><td data-cell-id=\"B12\" data-x=\"1\" data-y=\"12\" data-db-index=\"12\" class=\"\" data-cell-type=\"text\" data-original-value=\"Turnier Ascona\" data-order=\"Turnier Ascona\" >Turnier Ascona <\/td><td data-cell-id=\"C12\" data-x=\"2\" data-y=\"12\" data-db-index=\"12\" class=\"\" data-cell-type=\"text\" data-original-value=\"\" data-order=\"\" ><\/td><td data-cell-id=\"D12\" data-x=\"3\" data-y=\"12\" data-db-index=\"12\" class=\"\" data-cell-type=\"text\" data-original-value=\"\" data-order=\"\" ><\/td><\/tr><tr style=\"height:px\" ><td data-cell-id=\"A13\" data-x=\"0\" data-y=\"13\" data-db-index=\"13\" class=\"\" data-cell-type=\"date\" data-cell-format-type=\"date\" data-cell-format=\"DD.MM.YYYY\" data-original-value=\"15.10.2017\" data-order=\"1508018400000\" >15.10.2017 <\/td><td data-cell-id=\"B13\" data-x=\"1\" data-y=\"13\" data-db-index=\"13\" class=\"\" data-cell-type=\"text\" data-original-value=\"Schlussturnier\" data-order=\"Schlussturnier\" >Schlussturnier <\/td><td data-cell-id=\"C13\" data-x=\"2\" data-y=\"13\" data-db-index=\"13\" class=\"\" data-cell-type=\"text\" data-original-value=\"\" data-order=\"\" ><\/td><td data-cell-id=\"D13\" data-x=\"3\" data-y=\"13\" data-db-index=\"13\" class=\"\" data-cell-type=\"text\" data-original-value=\"\" data-order=\"\" ><\/td><\/tr><tr style=\"height:px\" ><td data-cell-id=\"A14\" data-x=\"0\" data-y=\"14\" data-db-index=\"14\" class=\"\" data-cell-type=\"date\" data-cell-format-type=\"date\" data-cell-format=\"DD.MM.YYYY\" data-original-value=\"23.10.2017\" data-order=\"1508709600000\" >23.10.2017 <\/td><td data-cell-id=\"B14\" data-x=\"1\" data-y=\"14\" data-db-index=\"14\" class=\"\" data-cell-type=\"text\" data-original-value=\"Absenden und Essen Trainingsmeisterschaft\" data-order=\"Absenden und Essen Trainingsmeisterschaft\" >Absenden und Essen Trainingsmeisterschaft <\/td><td data-cell-id=\"C14\" data-x=\"2\" data-y=\"14\" data-db-index=\"14\" class=\"\" data-cell-type=\"text\" data-original-value=\"&lt;a href=&quot;http:\/\/mcchurfirsten.ch\/index.php\/verein\/jahresprogramm17\/jahreswertung-2017\/&quot; target=&quot;_self&quot;&gt;&lt;a href=&quot;http:\/\/mcchurfirsten.ch\/index.php\/verein\/jahresprogramm17\/jahreswertung-2017\/&quot; target=&quot;_self&quot;&gt;Jahreswertung 2017&lt;\/a&gt;&lt;\/a&gt;\" data-order=\"&lt;a href=&quot;http:\/\/mcchurfirsten.ch\/index.php\/verein\/jahresprogramm17\/jahreswertung-2017\/&quot; target=&quot;_self&quot;&gt;&lt;a href=&quot;http:\/\/mcchurfirsten.ch\/index.php\/verein\/jahresprogramm17\/jahreswertung-2017\/&quot; target=&quot;_self&quot;&gt;Jahreswertung 2017&lt;\/a&gt;&lt;\/a&gt;\" ><a href=\"http:\/\/mcchurfirsten.ch\/index.php\/verein\/jahresprogramm17\/jahreswertung-2017\/\" target=\"_self\"><a href=\"http:\/\/mcchurfirsten.ch\/index.php\/verein\/jahresprogramm17\/jahreswertung-2017\/\" target=\"_self\">Jahreswertung 2017<\/a><\/a><\/td><td data-cell-id=\"D14\" data-x=\"3\" data-y=\"14\" data-db-index=\"14\" class=\"\" data-cell-type=\"text\" data-original-value=\"\" data-order=\"\" ><\/td><\/tr><tr style=\"height:px\" ><td data-cell-id=\"A15\" data-x=\"0\" data-y=\"15\" data-db-index=\"15\" class=\"\" data-cell-type=\"date\" data-cell-format-type=\"date\" data-cell-format=\"DD.MM.YYYY\" data-original-value=\"15.11.2017\" data-order=\"1510700400000\" >15.11.2017 <\/td><td data-cell-id=\"B15\" data-x=\"1\" data-y=\"15\" data-db-index=\"15\" class=\"\" data-cell-type=\"text\" data-original-value=\"Jahresprogramm Absenden\" data-order=\"Jahresprogramm Absenden\" >Jahresprogramm Absenden <\/td><td data-cell-id=\"C15\" data-x=\"2\" data-y=\"15\" data-db-index=\"15\" class=\"\" data-cell-type=\"text\" data-original-value=\"\" data-order=\"\" ><\/td><td data-cell-id=\"D15\" data-x=\"3\" data-y=\"15\" data-db-index=\"15\" class=\"\" data-cell-type=\"text\" data-original-value=\"\" data-order=\"\" ><\/td><\/tr><\/tbody><\/table><!-- \/#supsystic-table-3.supsystic-table --><\/div><!-- \/.supsystic-tables-wrap --><!-- Tables Generator by Supsystic --><!-- Version:1.10.32 --><!-- http:\/\/supsystic.com\/ --><a title=\"WordPress Data Table\" style=\"display:none;\" href=\"https:\/\/supsystic.com\/plugins\/wordpress-data-table-plugin\/?utm_medium=love_link\" target=\"_blank\">WordPress Data Table<\/a>\n<p>&nbsp;<\/p>\n<table style=\"height: 69px; width: 649px;\">\n<tbody>\n<tr style=\"height: 24px;\">\n<td style=\"width: 643px; height: 24px;\" colspan=\"2\"><strong>Zur Jahreswertung z\u00e4hlen noch folgende\u00a0Programmpunkte<\/strong><\/td>\n<\/tr>\n<tr style=\"height: 24px;\">\n<td style=\"width: 219px; height: 24px;\"><strong>blauen Karten<\/strong><\/td>\n<td style=\"width: 424px; height: 24px;\"><a href=\"https:\/\/mcchurfirsten.ch\/index.php\/verein\/jahresprogramm17\/montagsrunden-2017\/\">Resultate<\/a><br \/>\nEs werden die besten 8 Runden von max. 12 gewertet.<\/td>\n<\/tr>\n<tr style=\"height: 24px;\">\n<td style=\"width: 219px; height: 24px;\"><strong>gr\u00fcnen Karten<\/strong><\/td>\n<td style=\"width: 424px; height: 24px;\"><a href=\"https:\/\/mcchurfirsten.ch\/index.php\/verein\/jahresprogramm17\/j-gegen-j-2017\/\">Resultate<\/a><br \/>\nJeder gegen Jeden.<\/td>\n<\/tr>\n<tr style=\"height: 54px;\">\n<td style=\"width: 219px; height: 54px;\"><\/td>\n<td style=\"width: 424px; height: 54px;\"><\/td>\n<\/tr>\n<tr style=\"height: 168px;\">\n<td style=\"width: 219px; height: 168px;\"><em><strong>Trainingsmeisterschaft<\/strong> \u00a0<\/em><br \/>\n<em> <strong>gelbe Karten<\/strong><\/em><br \/>\n<em><span style=\"font-size: 10pt;\">offen auch f\u00fcr Passivmitglieder<\/span><\/em><\/td>\n<td style=\"width: 424px; height: 168px;\"><em>W\u00e4hrend der laufenden Saison k\u00f6nnen Aktiv- und Passivmitglieder an der Trainingsmeisterschaft teilnehmen. F\u00fcr die Wertung z\u00e4hlen die besten 18. Runden. Jeder Teilnehmer kann so viele Runden spielen wie er m\u00f6chte.\u00a0<strong>\u00a0<\/strong>Die Einnahmen werden zur H\u00e4lfte beim TMS-Absenden ausbezahlt und die andere H\u00e4lfte wird ins Essen investiert. Die TMS-Wertung wird nicht zum Jahresprogramm gez\u00e4hlt.<\/em><\/p>\n<p><a href=\"https:\/\/mcchurfirsten.ch\/index.php\/verein\/jahresprogramm17\/tms2017\/\">Rangliste TMS 2017<\/a><\/p>\n<p><a href=\"https:\/\/mcchurfirsten.ch\/index.php\/verein\/jahresprogramm17\/assetms2017\/\">Statistik Asse TMS 2017<\/a><\/td>\n<\/tr>\n<\/tbody>\n<\/table>\n<p>&nbsp;<\/p>\n<p>&nbsp;<\/p>\n<p>&nbsp;<\/p>\n<p>&nbsp;<\/p>\n","protected":false},"excerpt":{"rendered":"<p>&nbsp; Zur Jahreswertung z\u00e4hlen noch folgende\u00a0Programmpunkte blauen Karten Resultate Es werden die besten 8 Runden von max. 12 gewertet. gr\u00fcnen Karten Resultate Jeder gegen Jeden. Trainingsmeisterschaft \u00a0 gelbe Karten offen&#8230;<\/p>\n","protected":false},"author":4,"featured_media":0,"parent":35,"menu_order":2,"comment_status":"closed","ping_status":"closed","template":"","meta":{"footnotes":""},"_links":{"self":[{"href":"https:\/\/mcchurfirsten.ch\/index.php\/wp-json\/wp\/v2\/pages\/416"}],"collection":[{"href":"https:\/\/mcchurfirsten.ch\/index.php\/wp-json\/wp\/v2\/pages"}],"about":[{"href":"https:\/\/mcchurfirsten.ch\/index.php\/wp-json\/wp\/v2\/types\/page"}],"author":[{"embeddable":true,"href":"https:\/\/mcchurfirsten.ch\/index.php\/wp-json\/wp\/v2\/users\/4"}],"replies":[{"embeddable":true,"href":"https:\/\/mcchurfirsten.ch\/index.php\/wp-json\/wp\/v2\/comments?post=416"}],"version-history":[{"count":14,"href":"https:\/\/mcchurfirsten.ch\/index.php\/wp-json\/wp\/v2\/pages\/416\/revisions"}],"predecessor-version":[{"id":616,"href":"https:\/\/mcchurfirsten.ch\/index.php\/wp-json\/wp\/v2\/pages\/416\/revisions\/616"}],"up":[{"embeddable":true,"href":"https:\/\/mcchurfirsten.ch\/index.php\/wp-json\/wp\/v2\/pages\/35"}],"wp:attachment":[{"href":"https:\/\/mcchurfirsten.ch\/index.php\/wp-json\/wp\/v2\/media?parent=416"}],"curies":[{"name":"wp","href":"https:\/\/api.w.org\/{rel}","templated":true}]}}