{"id":364,"date":"2017-02-26T22:54:11","date_gmt":"2017-02-26T21:54:11","guid":{"rendered":"http:\/\/new.mcchurfirsten.ch\/wp\/?page_id=364"},"modified":"2020-06-10T14:09:37","modified_gmt":"2020-06-10T12:09:37","slug":"volksturnier17","status":"publish","type":"page","link":"https:\/\/mcchurfirsten.ch\/index.php\/volksturnier17\/","title":{"rendered":"Volksturnier"},"content":{"rendered":"<p>Leider k\u00f6nnen wir im 2020 aus verschiedenen Gr\u00fcnden kein Minigolf-Volksturnier durchf\u00fchren.<\/p>\n<p>Wir danken jedoch allen, die uns viele Jahre hindurch treu gewesen sind und unseren Club mir ihrer Teilnahme unterst\u00fctzt haben.<\/p>\n<p><a href=\"https:\/\/mcchurfirsten.ch\/index.php\/volksturnier17\/volksturnier2019\/\"><span style=\"font-size: 12pt;\"><span style=\"font-size: 10pt;\"><span style=\"font-size: 14pt;\"><br \/>\nRangliste 2019<\/span><\/span><\/span><\/a><\/p>\n","protected":false},"excerpt":{"rendered":"<p>Leider k\u00f6nnen wir im 2020 aus verschiedenen Gr\u00fcnden kein Minigolf-Volksturnier durchf\u00fchren. Wir danken jedoch allen, die uns viele Jahre hindurch treu gewesen sind und unseren Club mir ihrer Teilnahme unterst\u00fctzt&#8230;<\/p>\n","protected":false},"author":2,"featured_media":944,"parent":0,"menu_order":0,"comment_status":"closed","ping_status":"closed","template":"","meta":{"footnotes":""},"_links":{"self":[{"href":"https:\/\/mcchurfirsten.ch\/index.php\/wp-json\/wp\/v2\/pages\/364"}],"collection":[{"href":"https:\/\/mcchurfirsten.ch\/index.php\/wp-json\/wp\/v2\/pages"}],"about":[{"href":"https:\/\/mcchurfirsten.ch\/index.php\/wp-json\/wp\/v2\/types\/page"}],"author":[{"embeddable":true,"href":"https:\/\/mcchurfirsten.ch\/index.php\/wp-json\/wp\/v2\/users\/2"}],"replies":[{"embeddable":true,"href":"https:\/\/mcchurfirsten.ch\/index.php\/wp-json\/wp\/v2\/comments?post=364"}],"version-history":[{"count":36,"href":"https:\/\/mcchurfirsten.ch\/index.php\/wp-json\/wp\/v2\/pages\/364\/revisions"}],"predecessor-version":[{"id":1094,"href":"https:\/\/mcchurfirsten.ch\/index.php\/wp-json\/wp\/v2\/pages\/364\/revisions\/1094"}],"wp:featuredmedia":[{"embeddable":true,"href":"https:\/\/mcchurfirsten.ch\/index.php\/wp-json\/wp\/v2\/media\/944"}],"wp:attachment":[{"href":"https:\/\/mcchurfirsten.ch\/index.php\/wp-json\/wp\/v2\/media?parent=364"}],"curies":[{"name":"wp","href":"https:\/\/api.w.org\/{rel}","templated":true}]}}