{"id":302,"date":"2017-02-22T21:45:12","date_gmt":"2017-02-22T20:45:12","guid":{"rendered":"http:\/\/new.mcchurfirsten.ch\/wp\/?page_id=302"},"modified":"2025-12-02T16:14:54","modified_gmt":"2025-12-02T15:14:54","slug":"startseite","status":"publish","type":"page","link":"https:\/\/mcchurfirsten.ch\/","title":{"rendered":"Startseite"},"content":{"rendered":"<h1><span style=\"font-size: 18pt; font-family: 'trebuchet ms', geneva, sans-serif;\"><strong>Herzlich Willkommen auf der Webseite des Minigolfclubs Churfirsten.<\/strong><\/span><\/h1>\n<p><span style=\"font-size: 14pt;\">Gerne informieren wir Sie \u00fcber unser Club-Leben, sei es mit Berichten, Ranglisten und \u00fcber interne\/externe Turniere.<\/span><\/p>\n<hr \/>\n<p><span style=\"color: #ff0000; font-size: 14pt;\"><strong>Minigolf als Wettkampfsport?<\/strong><\/span><\/p>\n<p>Minigolf ist vor allem bekannt als wunderbare M\u00f6glichkeit, gemeinsam mit der Familie, Freunden oder Firmenanlass entspannte Stunden zu verbringen und vom Alltag abzuschalten.<\/p>\n<p>Minigolf ist nicht nur ein beliebter Familienspass, sondern auch eine anerkannte Sportart, welche in 35 europ\u00e4ischen L\u00e4ndern und dar\u00fcber hinaus auf der ganzen Welt wettkampfm\u00e4ssig betrieben wird.<\/p>\n<p>Dem Turnierspieler verlangt es viel Konzentration und Selbstbeherrschung ab. \u00dcber 18 L\u00f6cher und mehreren Runden hinweg, heisst es den Fokus zu sch\u00e4rfen und mentale Ausdauer zu beweisen, um ein tiefes Rundenergebnis zu erzielen. Turnierspieler verf\u00fcgen \u00fcber einen eigenen Schl\u00e4ger und mehrere (viele! \ud83d\ude09 ) B\u00e4lle, welche sich in der Schnelligkeit, Sprungh\u00f6he, H\u00e4rte und Oberfl\u00e4chen unterscheiden. Es liegt am Spieler den m\u00f6glichst richtigen Ball f\u00fcr die entsprechende Bahn auszuw\u00e4hlen, um ein \u00abAss\u00bb zu erzielen. Dazu geh\u00f6rt dann auch noch die perfekte Schlagst\u00e4rke, sowie m\u00f6glichst genaues anspielen der Seitenbanden oder Hindernisse. Selbst die Temperaturen wirken sich aus auf das Laufverhalten der B\u00e4lle. Das sind immer wieder die Herausforderungen auf dem Minigolfplatz und machen das Spiel umso interessanter.<\/p>\n<p>Turnierspieler geben dir gerne auf den Minigolfpl\u00e4tzen Tipps und Tricks.<\/p>\n<p>&#8222;Guet Loch&#8220;<\/p>\n<hr \/>\n<p><span style=\"font-size: 12pt;\"> <span style=\"font-size: 8pt;\">\u00d6ffnungszeiten und Preise k\u00f6nnen unter\u00a0<a href=\"https:\/\/www.freizeit-wattwil.ch\/allginformationenminigolf\">Wattwil Sport- &amp; Freitzeitanlage<\/a> eingesehen werden.<\/span><\/span><\/p>\n<hr \/>\n","protected":false},"excerpt":{"rendered":"<p>Herzlich Willkommen auf der Webseite des Minigolfclubs Churfirsten. Gerne informieren wir Sie \u00fcber unser Club-Leben, sei es mit Berichten, Ranglisten und \u00fcber interne\/externe Turniere. Minigolf als Wettkampfsport? Minigolf ist vor&#8230;<\/p>\n","protected":false},"author":1,"featured_media":1397,"parent":0,"menu_order":0,"comment_status":"closed","ping_status":"closed","template":"","meta":{"footnotes":""},"_links":{"self":[{"href":"https:\/\/mcchurfirsten.ch\/index.php\/wp-json\/wp\/v2\/pages\/302"}],"collection":[{"href":"https:\/\/mcchurfirsten.ch\/index.php\/wp-json\/wp\/v2\/pages"}],"about":[{"href":"https:\/\/mcchurfirsten.ch\/index.php\/wp-json\/wp\/v2\/types\/page"}],"author":[{"embeddable":true,"href":"https:\/\/mcchurfirsten.ch\/index.php\/wp-json\/wp\/v2\/users\/1"}],"replies":[{"embeddable":true,"href":"https:\/\/mcchurfirsten.ch\/index.php\/wp-json\/wp\/v2\/comments?post=302"}],"version-history":[{"count":31,"href":"https:\/\/mcchurfirsten.ch\/index.php\/wp-json\/wp\/v2\/pages\/302\/revisions"}],"predecessor-version":[{"id":1843,"href":"https:\/\/mcchurfirsten.ch\/index.php\/wp-json\/wp\/v2\/pages\/302\/revisions\/1843"}],"wp:featuredmedia":[{"embeddable":true,"href":"https:\/\/mcchurfirsten.ch\/index.php\/wp-json\/wp\/v2\/media\/1397"}],"wp:attachment":[{"href":"https:\/\/mcchurfirsten.ch\/index.php\/wp-json\/wp\/v2\/media?parent=302"}],"curies":[{"name":"wp","href":"https:\/\/api.w.org\/{rel}","templated":true}]}}